{"id":7195,"date":"2023-04-28T10:37:29","date_gmt":"2023-04-28T10:37:29","guid":{"rendered":"https:\/\/menamigranthealth.org\/?page_id=7195"},"modified":"2023-06-19T10:20:17","modified_gmt":"2023-06-19T10:20:17","slug":"formulaire-de-contact","status":"publish","type":"page","link":"https:\/\/menamigranthealth.org\/fr\/formulaire-de-contact\/","title":{"rendered":"Formulaire de contact"},"content":{"rendered":"\t\t<div data-elementor-type=\"wp-page\" data-elementor-id=\"7195\" class=\"elementor elementor-7195 elementor-6389\">\n\t\t\t\t\t\t<section class=\"elementor-section elementor-top-section elementor-element elementor-element-0dac1ab elementor-section-boxed elementor-section-height-default elementor-section-height-default\" data-id=\"0dac1ab\" data-element_type=\"section\" data-e-type=\"section\">\n\t\t\t\t\t\t<div class=\"elementor-container elementor-column-gap-default\">\n\t\t\t\t\t<div class=\"elementor-column elementor-col-100 elementor-top-column elementor-element elementor-element-0826b33\" data-id=\"0826b33\" data-element_type=\"column\" data-e-type=\"column\">\n\t\t\t<div class=\"elementor-widget-wrap elementor-element-populated\">\n\t\t\t\t\t\t<div class=\"elementor-element elementor-element-b3da16d elementor-widget elementor-widget-text-editor\" data-id=\"b3da16d\" data-element_type=\"widget\" data-e-type=\"widget\" data-widget_type=\"text-editor.default\">\n\t\t\t\t<div class=\"elementor-widget-container\">\n\t\t\t\t\t\t\t\t\t<p>Vos donn\u00e9es personnelles ne seront utilis\u00e9es que par la Fundaci\u00f3n Privada Instituto de Salud Global Barcelona (ISGlobal) ; CIF : G65341695 ; Adresse postale : C\/ Rossell\u00f3, num\u00e9ro 132, 7e \u00e9tage, 08036 Barcelone ; Courriel : lopd@isglobal.org<\/p><p>Nous collectons et traitons vos donn\u00e9es personnelles dans le seul but de r\u00e9pondre \u00e0 votre demande.<\/p><p>Nous ne pouvons traiter vos donn\u00e9es personnelles qu&#8217;avec votre consentement, et elles ne seront conserv\u00e9es que tant que vous n&#8217;aurez pas retir\u00e9 votre consentement.<\/p><p>Vous pouvez exercer tous les droits que vous conf\u00e8re la r\u00e9glementation en vigueur en mati\u00e8re de protection des donn\u00e9es, y compris le droit d&#8217;acc\u00e8s, de rectification, d&#8217;opposition, d&#8217;effacement, de portabilit\u00e9 et de limitation, en \u00e9crivant au d\u00e9l\u00e9gu\u00e9 \u00e0 la protection des donn\u00e9es (lopd@isglobal.org) et en joignant une copie de votre document national d&#8217;identit\u00e9 ou d&#8217;une pi\u00e8ce d&#8217;identit\u00e9 \u00e9quivalente.<\/p><p>Vous avez le droit de retirer votre consentement \u00e0 tout moment. Le retrait du consentement n&#8217;affecte pas la l\u00e9galit\u00e9 du traitement fond\u00e9 sur le consentement avant son retrait. Si vous n&#8217;\u00eates pas d&#8217;accord avec la mani\u00e8re dont ISGlobal traite vos donn\u00e9es ou si vous consid\u00e9rez que vos droits ont \u00e9t\u00e9 viol\u00e9s, vous pouvez \u00e0 tout moment d\u00e9poser une plainte aupr\u00e8s de l&#8217;Agence espagnole de protection des donn\u00e9es (www.aepd.es &#8211; C\/ Jorge Juan, 6 de Madrid).<\/p>\t\t\t\t\t\t\t\t<\/div>\n\t\t\t\t<\/div>\n\t\t\t\t\t<\/div>\n\t\t<\/div>\n\t\t\t\t\t<\/div>\n\t\t<\/section>\n\t\t\t\t<\/div>\n\t\t","protected":false},"excerpt":{"rendered":"<p>Vos donn\u00c3\u00a9es personnelles ne seront utilis\u00c3\u00a9es que par la Fundaci\u00c3\u00b3n Privada Instituto de Salud Global Barcelona (ISGlobal) ; CIF : G65341695 ; Adresse postale : C\/ Rossell\u00c3\u00b3, num\u00c3\u00a9ro 132, 7e \u00c3\u00a9tage, 08036 Barcelone ; Courriel : lopd@isglobal.org Nous collectons et traitons vos donn\u00c3\u00a9es personnelles dans le seul but de r\u00c3\u00a9pondre \u00c3\u00a0 votre demande. Nous ne<\/p>\n","protected":false},"author":1,"featured_media":0,"parent":0,"menu_order":0,"comment_status":"closed","ping_status":"closed","template":"","meta":{"footnotes":""},"class_list":["post-7195","page","type-page","status-publish","hentry"],"_links":{"self":[{"href":"https:\/\/menamigranthealth.org\/fr\/wp-json\/wp\/v2\/pages\/7195","targetHints":{"allow":["GET"]}}],"collection":[{"href":"https:\/\/menamigranthealth.org\/fr\/wp-json\/wp\/v2\/pages"}],"about":[{"href":"https:\/\/menamigranthealth.org\/fr\/wp-json\/wp\/v2\/types\/page"}],"author":[{"embeddable":true,"href":"https:\/\/menamigranthealth.org\/fr\/wp-json\/wp\/v2\/users\/1"}],"replies":[{"embeddable":true,"href":"https:\/\/menamigranthealth.org\/fr\/wp-json\/wp\/v2\/comments?post=7195"}],"version-history":[{"count":0,"href":"https:\/\/menamigranthealth.org\/fr\/wp-json\/wp\/v2\/pages\/7195\/revisions"}],"wp:attachment":[{"href":"https:\/\/menamigranthealth.org\/fr\/wp-json\/wp\/v2\/media?parent=7195"}],"curies":[{"name":"wp","href":"https:\/\/api.w.org\/{rel}","templated":true}]}}