{"id":7183,"date":"2023-04-28T10:32:46","date_gmt":"2023-04-28T10:32:46","guid":{"rendered":"https:\/\/menamigranthealth.org\/?page_id=7183"},"modified":"2023-06-19T10:19:18","modified_gmt":"2023-06-19T10:19:18","slug":"politique-de-confidentialite","status":"publish","type":"page","link":"https:\/\/menamigranthealth.org\/fr\/politique-de-confidentialite\/","title":{"rendered":"Politique de confidentialit\u00c3\u00a9"},"content":{"rendered":"\t\t<div data-elementor-type=\"wp-page\" data-elementor-id=\"7183\" class=\"elementor elementor-7183 elementor-6372\">\n\t\t\t\t\t\t<section class=\"elementor-section elementor-top-section elementor-element elementor-element-0dac1ab elementor-section-boxed elementor-section-height-default elementor-section-height-default\" data-id=\"0dac1ab\" data-element_type=\"section\" data-e-type=\"section\">\n\t\t\t\t\t\t<div class=\"elementor-container elementor-column-gap-default\">\n\t\t\t\t\t<div class=\"elementor-column elementor-col-100 elementor-top-column elementor-element elementor-element-0826b33\" data-id=\"0826b33\" data-element_type=\"column\" data-e-type=\"column\">\n\t\t\t<div class=\"elementor-widget-wrap elementor-element-populated\">\n\t\t\t\t\t\t<div class=\"elementor-element elementor-element-b3da16d elementor-widget elementor-widget-text-editor\" data-id=\"b3da16d\" data-element_type=\"widget\" data-e-type=\"widget\" data-widget_type=\"text-editor.default\">\n\t\t\t\t<div class=\"elementor-widget-container\">\n\t\t\t\t\t\t\t\t\t<p><strong>Conform\u00e9ment \u00e0 la r\u00e9glementation en vigueur en mati\u00e8re de protection des donn\u00e9es, l&#8217;ISGlobal vous informe de ce qui suit :<\/strong><\/p><p>Lorsqu&#8217;il vous est demand\u00e9 de fournir des donn\u00e9es personnelles pour la prestation de services, vous serez inform\u00e9 des donn\u00e9es que vous devez fournir.<\/p><p>Si vous ne fournissez pas les donn\u00e9es requises, nous ne serons pas en mesure de vous fournir les services. Les donn\u00e9es personnelles que vous fournissez ou que l&#8217;ISGlobal obtient \u00e0 la suite de votre navigation, de vos requ\u00eates ou de vos demandes via notre page web \u00e0 l&#8217;adresse www.menamigranthealth.org (le &#8220;site web&#8221;) seront incluses dans un fichier appartenant \u00e0 l&#8217;ISGlobal pour la gestion, le stockage et le suivi de vos demandes d&#8217;informations et\/ou de vos contrats de biens ou de services offerts via le site web. Les informations que l&#8217;ISGlobal obtient de vous sur le site web lorsque vous vous inscrivez \u00e0 un \u00e9v\u00e9nement promotionnel ou que vous envoyez un formulaire sont trait\u00e9es avec la plus grande confidentialit\u00e9 afin de vous aider \u00e0 participer \u00e0 l&#8217;\u00e9v\u00e9nement en question ou, dans le second cas, de vous envoyer les informations que vous avez demand\u00e9es. Les informations obtenues ne sont pas utilis\u00e9es \u00e0 d&#8217;autres fins. Les donn\u00e9es personnelles fournies ne seront pas divulgu\u00e9es ou transf\u00e9r\u00e9es \u00e0 des tiers sans votre consentement.<\/p><p>Lorsqu&#8217;il est demand\u00e9 de remplir un formulaire, l&#8217;utilisateur est inform\u00e9 de l&#8217;identit\u00e9 et des donn\u00e9es du responsable du traitement et du d\u00e9l\u00e9gu\u00e9 \u00e0 la protection des donn\u00e9es, des finalit\u00e9s et de la base juridique du traitement, des destinataires des donn\u00e9es ainsi que, le cas \u00e9ch\u00e9ant, des transferts internationaux de donn\u00e9es, des p\u00e9riodes de conservation des donn\u00e9es et de la possibilit\u00e9 pour l&#8217;utilisateur d&#8217;exercer ses droits d&#8217;acc\u00e8s, de rectification, d&#8217;effacement, de portabilit\u00e9, de limitation et\/ou d&#8217;opposition au traitement, du droit de r\u00e9clamation aupr\u00e8s de l&#8217;autorit\u00e9 de contr\u00f4le et de l&#8217;existence de d\u00e9cisions automatis\u00e9es. Les donn\u00e9es personnelles collect\u00e9es ne seront trait\u00e9es et\/ou transf\u00e9r\u00e9es que dans le but expr\u00e8s, et toujours avec le consentement de l&#8217;utilisateur.<\/p><p>Les informations ne sont envoy\u00e9es via le(s) formulaire(s) du site web qu&#8217;apr\u00e8s que vous ayez exprim\u00e9 votre acceptation en s\u00e9lectionnant un bouton &#8220;ACCEPTER\/Envoyer&#8221; (ou similaire), par lequel ISGlobal a la preuve que vous avez donn\u00e9 votre consentement pour qu&#8217;il traite vos donn\u00e9es \u00e0 caract\u00e8re personnel.<\/p><p>Dans tous les cas, vous garantissez que les donn\u00e9es que vous fournissez sont vraies, exactes, compl\u00e8tes et \u00e0 jour. ISGlobal peut refuser de fournir les informations ou les services demand\u00e9s \u00e0 tout utilisateur fournissant de fausses donn\u00e9es, sans pr\u00e9judice de toute autre action l\u00e9gale \u00e0 sa disposition.<\/p><p>En vertu de l&#8217;article 22 de la loi espagnole 34\/2002, du 11 juillet, sur les services de la soci\u00e9t\u00e9 de l&#8217;information et le commerce \u00e9lectronique, l&#8217;ISGlobal peut stocker et r\u00e9cup\u00e9rer des &#8220;cookies&#8221; (donn\u00e9es dans un fichier texte) sur votre machine, \u00e0 condition que vous ayez donn\u00e9 votre consentement et que nous vous ayons fourni des informations claires et compl\u00e8tes sur l&#8217;utilisation de ces cookies. Vous pouvez obtenir des informations compl\u00e8tes sur la finalit\u00e9 de l&#8217;installation de ces cookies et sur leur utilisation dans la politique du site en mati\u00e8re de cookies.<\/p><p>Cela n&#8217;emp\u00eache pas le stockage technique ou l&#8217;acc\u00e8s dans le seul but d&#8217;effectuer ou de faciliter la transmission d&#8217;une communication sur un r\u00e9seau de communications \u00e9lectroniques, ou dans la mesure strictement n\u00e9cessaire \u00e0 la fourniture d&#8217;un service de la soci\u00e9t\u00e9 de l&#8217;information express\u00e9ment demand\u00e9 par vous.<\/p><p>Vous pouvez exercer vos droits d&#8217;acc\u00e8s, de rectification, d&#8217;effacement, d&#8217;opposition, de portabilit\u00e9 et de limitation du traitement en adressant une demande au d\u00e9l\u00e9gu\u00e9 \u00e0 la protection des donn\u00e9es par courrier \u00e9lectronique (lopd@isglobal.org) ou \u00e0 l&#8217;adresse postale d&#8217;ISGlobal : c\/ Rossell\u00f3, 132, 08036 Barcelone, Espagne. La demande doit inclure votre nom complet, votre adresse pour les notifications, une photocopie de votre document d&#8217;identit\u00e9 ou de votre passeport et une indication du droit que vous souhaitez exercer.<\/p><p>Si vous n&#8217;\u00eates pas satisfait du traitement effectu\u00e9 par ISGlobal ou si vous pensez que vos droits ont \u00e9t\u00e9 viol\u00e9s, vous pouvez \u00e0 tout moment d\u00e9poser une r\u00e9clamation aupr\u00e8s de l&#8217;Agence espagnole de protection des donn\u00e9es (www.aepd.es &#8211; C\/ Jorge Juan, 6, Madrid).<\/p><p>ISGlobal a mis en \u0153uvre les mesures de s\u00e9curit\u00e9 techniques et organisationnelles n\u00e9cessaires pour garantir la s\u00e9curit\u00e9 de vos donn\u00e9es personnelles et emp\u00eacher leur alt\u00e9ration, perte, traitement et\/ou acc\u00e8s non autoris\u00e9, compte tenu de l&#8217;\u00e9tat de la technologie, de la nature des donn\u00e9es stock\u00e9es et des risques auxquels elles sont expos\u00e9es, qu&#8217;ils proviennent de l&#8217;action humaine ou de l&#8217;environnement physique ou naturel, le tout conform\u00e9ment aux dispositions de la r\u00e9glementation en vigueur.<\/p><p>Conform\u00e9ment \u00e0 la loi 34\/2002, du 11 juillet, sur les services de la soci\u00e9t\u00e9 de l&#8217;information et du commerce \u00e9lectronique, si vous ne souhaitez pas recevoir d&#8217;avis commerciaux \u00e9lectroniques de la part d&#8217;ISGlobal \u00e0 l&#8217;avenir, vous pouvez nous informer de cette pr\u00e9f\u00e9rence en envoyant un courrier \u00e9lectronique au d\u00e9l\u00e9gu\u00e9 \u00e0 la protection des donn\u00e9es (lopd@isglobal.org).<\/p><p>[Mis \u00e0 jour le 11 mars 2020]<\/p>\t\t\t\t\t\t\t\t<\/div>\n\t\t\t\t<\/div>\n\t\t\t\t\t<\/div>\n\t\t<\/div>\n\t\t\t\t\t<\/div>\n\t\t<\/section>\n\t\t\t\t<\/div>\n\t\t","protected":false},"excerpt":{"rendered":"<p>Conform\u00c3\u00a9ment \u00c3\u00a0 la r\u00c3\u00a9glementation en vigueur en mati\u00c3\u00a8re de protection des donn\u00c3\u00a9es, l&#8217;ISGlobal vous informe de ce qui suit : Lorsqu&#8217;il vous est demand\u00c3\u00a9 de fournir des donn\u00c3\u00a9es personnelles pour la prestation de services, vous serez inform\u00c3\u00a9 des donn\u00c3\u00a9es que vous devez fournir. Si vous ne fournissez pas les donn\u00c3\u00a9es requises, nous ne serons pas<\/p>\n","protected":false},"author":1,"featured_media":0,"parent":0,"menu_order":0,"comment_status":"closed","ping_status":"closed","template":"","meta":{"footnotes":""},"class_list":["post-7183","page","type-page","status-publish","hentry"],"_links":{"self":[{"href":"https:\/\/menamigranthealth.org\/fr\/wp-json\/wp\/v2\/pages\/7183","targetHints":{"allow":["GET"]}}],"collection":[{"href":"https:\/\/menamigranthealth.org\/fr\/wp-json\/wp\/v2\/pages"}],"about":[{"href":"https:\/\/menamigranthealth.org\/fr\/wp-json\/wp\/v2\/types\/page"}],"author":[{"embeddable":true,"href":"https:\/\/menamigranthealth.org\/fr\/wp-json\/wp\/v2\/users\/1"}],"replies":[{"embeddable":true,"href":"https:\/\/menamigranthealth.org\/fr\/wp-json\/wp\/v2\/comments?post=7183"}],"version-history":[{"count":0,"href":"https:\/\/menamigranthealth.org\/fr\/wp-json\/wp\/v2\/pages\/7183\/revisions"}],"wp:attachment":[{"href":"https:\/\/menamigranthealth.org\/fr\/wp-json\/wp\/v2\/media?parent=7183"}],"curies":[{"name":"wp","href":"https:\/\/api.w.org\/{rel}","templated":true}]}}