{"id":7178,"date":"2023-04-28T10:26:00","date_gmt":"2023-04-28T10:26:00","guid":{"rendered":"https:\/\/menamigranthealth.org\/?page_id=7178"},"modified":"2023-06-19T10:19:40","modified_gmt":"2023-06-19T10:19:40","slug":"mentions-legales","status":"publish","type":"page","link":"https:\/\/menamigranthealth.org\/fr\/mentions-legales\/","title":{"rendered":"Mentions l\u00c3\u00a9gales"},"content":{"rendered":"\t\t<div data-elementor-type=\"wp-page\" data-elementor-id=\"7178\" class=\"elementor elementor-7178 elementor-6365\">\n\t\t\t\t\t\t<section class=\"elementor-section elementor-top-section elementor-element elementor-element-0dac1ab elementor-section-boxed elementor-section-height-default elementor-section-height-default\" data-id=\"0dac1ab\" data-element_type=\"section\" data-e-type=\"section\">\n\t\t\t\t\t\t<div class=\"elementor-container elementor-column-gap-default\">\n\t\t\t\t\t<div class=\"elementor-column elementor-col-100 elementor-top-column elementor-element elementor-element-0826b33\" data-id=\"0826b33\" data-element_type=\"column\" data-e-type=\"column\">\n\t\t\t<div class=\"elementor-widget-wrap elementor-element-populated\">\n\t\t\t\t\t\t<div class=\"elementor-element elementor-element-b3da16d elementor-widget elementor-widget-text-editor\" data-id=\"b3da16d\" data-element_type=\"widget\" data-e-type=\"widget\" data-widget_type=\"text-editor.default\">\n\t\t\t\t<div class=\"elementor-widget-container\">\n\t\t\t\t\t\t\t\t\t<h2>Mentions l\u00e9gales<\/h2><p>Propri\u00e9taire du site web et de l&#8217;application :<\/p><p>Fundaci\u00f3n Privada Instituto de Salud Global Barcelona (ISGlobal)<br \/>CIF : G65341695<br \/>Adresse postale : C\/ Rossell\u00f3, 132, 7\u00aa &#8211; 08036 Barcelona<br \/>Inscrite au registre des fondations de la direction g\u00e9n\u00e9rale du droit et des entit\u00e9s juridiques du gouvernement de Catalogne sous le num\u00e9ro 2 634.<br \/>Courriel : lopd@isglobal.org<\/p><p>Le site web est la propri\u00e9t\u00e9 d&#8217;ISGlobal.<\/p><p>L&#8217;utilisation du site est soumise aux conditions d&#8217;utilisation suivantes. Veuillez les lire attentivement. L&#8217;acc\u00e8s au site et l&#8217;utilisation de son contenu impliquent que vous avez lu et accept\u00e9, sans r\u00e9serve, ces conditions.<\/p><h3>Conditions d&#8217;utilisation<\/h3><p>Le site web contient un contenu pr\u00e9par\u00e9 par ISGlobal uniquement \u00e0 des fins d&#8217;information. Ce contenu peut ne pas refl\u00e9ter les informations les plus r\u00e9centes sur les sujets trait\u00e9s. De m\u00eame, ce contenu peut \u00eatre modifi\u00e9, \u00e9tendu ou mis \u00e0 jour sans pr\u00e9avis.<\/p><p>L&#8217;acc\u00e8s \u00e0 ce contenu ne cr\u00e9e ni n&#8217;implique aucune relation professionnelle ou de confiance entre ISGlobal et vous.<\/p><p>Les liens pr\u00e9sents sur le site web peuvent vous conduire \u00e0 d&#8217;autres sites web, pages ou applications g\u00e9r\u00e9s par des tiers sur lesquels l&#8217;ISGlobal n&#8217;a aucun contr\u00f4le.<\/p><p>L&#8217;ISGlobal n&#8217;est pas responsable du contenu ou de l&#8217;\u00e9tat de ces sites, pages et applications. Le fait de pouvoir y acc\u00e9der via notre site web ou notre application n&#8217;implique pas que l&#8217;ISGlobal recommande ou approuve leur contenu.<\/p><h3>Limitation de la responsabilit\u00e9<\/h3><p>Vous utilisez notre site web \u00e0 vos propres risques et p\u00e9rils. L&#8217;ISGlobal n&#8217;est pas responsable des erreurs ou omissions dans le contenu du site web, de l&#8217;application ou de tout autre site auquel vous pouvez acc\u00e9der via le site web ou l&#8217;application. L&#8217;ISGlobal n&#8217;est pas responsable des dommages r\u00e9sultant de l&#8217;utilisation de notre site web ou de toute action effectu\u00e9e sur la base des informations fournies sur notre site web.<\/p><p>L&#8217;ISGlobal ne garantit pas l&#8217;absence de virus ou d&#8217;autres \u00e9l\u00e9ments nuisibles susceptibles d&#8217;endommager ou d&#8217;alt\u00e9rer votre syst\u00e8me informatique, vos documents \u00e9lectroniques ou vos fichiers sur notre site web. Par cons\u00e9quent, l&#8217;ISGlobal n&#8217;accepte aucune responsabilit\u00e9 pour toute perte ou dommage que de tels \u00e9l\u00e9ments pourraient causer \u00e0 vous ou \u00e0 un tiers.<\/p><p>[Mis \u00e0 jour le 11 mars 2020]<\/p>\t\t\t\t\t\t\t\t<\/div>\n\t\t\t\t<\/div>\n\t\t\t\t\t<\/div>\n\t\t<\/div>\n\t\t\t\t\t<\/div>\n\t\t<\/section>\n\t\t\t\t<\/div>\n\t\t","protected":false},"excerpt":{"rendered":"<p>Mentions l\u00c3\u00a9gales Propri\u00c3\u00a9taire du site web et de l&#8217;application : Fundaci\u00c3\u00b3n Privada Instituto de Salud Global Barcelona (ISGlobal) CIF : G65341695 Adresse postale : C\/ Rossell\u00c3\u00b3, 132, 7\u00c2\u00aa &#8211; 08036 Barcelona Inscrite au registre des fondations de la direction g\u00c3\u00a9n\u00c3\u00a9rale du droit et des entit\u00c3\u00a9s juridiques du gouvernement de Catalogne sous le num\u00c3\u00a9ro 2 634.<\/p>\n","protected":false},"author":1,"featured_media":0,"parent":0,"menu_order":0,"comment_status":"closed","ping_status":"closed","template":"","meta":{"footnotes":""},"class_list":["post-7178","page","type-page","status-publish","hentry"],"_links":{"self":[{"href":"https:\/\/menamigranthealth.org\/fr\/wp-json\/wp\/v2\/pages\/7178","targetHints":{"allow":["GET"]}}],"collection":[{"href":"https:\/\/menamigranthealth.org\/fr\/wp-json\/wp\/v2\/pages"}],"about":[{"href":"https:\/\/menamigranthealth.org\/fr\/wp-json\/wp\/v2\/types\/page"}],"author":[{"embeddable":true,"href":"https:\/\/menamigranthealth.org\/fr\/wp-json\/wp\/v2\/users\/1"}],"replies":[{"embeddable":true,"href":"https:\/\/menamigranthealth.org\/fr\/wp-json\/wp\/v2\/comments?post=7178"}],"version-history":[{"count":0,"href":"https:\/\/menamigranthealth.org\/fr\/wp-json\/wp\/v2\/pages\/7178\/revisions"}],"wp:attachment":[{"href":"https:\/\/menamigranthealth.org\/fr\/wp-json\/wp\/v2\/media?parent=7178"}],"curies":[{"name":"wp","href":"https:\/\/api.w.org\/{rel}","templated":true}]}}